{"id":768,"date":"2024-10-08T07:05:45","date_gmt":"2024-10-08T07:05:45","guid":{"rendered":"https:\/\/editorialkali.com.mx\/?page_id=768"},"modified":"2024-10-08T07:31:51","modified_gmt":"2024-10-08T07:31:51","slug":"calculo-integral","status":"publish","type":"page","link":"https:\/\/editorialkali.com.mx\/?page_id=768","title":{"rendered":"C\u00e1lculo integral"},"content":{"rendered":"\n<p><a href=\"https:\/\/editorialkali.com.mx\/?page_id=640\" data-type=\"page\" data-id=\"640\">P\u00e1gina principal<\/a><\/p>\n\n\n\n<p><strong>Operaci\u00f3n de integraci\u00f3n<\/strong><\/p>\n\n\n\n<p>Se ha estudiado el C\u00e1lculo diferencial, cuyo principio b\u00e1sico radica en observar los objetos, no en su totalidad sino m\u00e1s bien a trav\u00e9s de una parte infinitamente peque\u00f1a de estos. M\u00e1s espec\u00edficamente, como lo har\u00eda Newton, considerando que las cantidades manifiestan su variaci\u00f3n con el paso del tiempo, podemos observar la variaci\u00f3n de cada cantidad en un intervalo infinitamente peque\u00f1o de tiempo y comparar dos de estas variaciones entre s\u00ed.<\/p>\n\n\n\n<p>La operaci\u00f3n b\u00e1sica fue entonces la de la diferenciaci\u00f3n, es decir, el c\u00e1lculo de la diferencial, la cual se defini\u00f3 como la variaci\u00f3n infinitamente peque\u00f1a de una cantidad variable, pero que tambi\u00e9n la podemos considerar como una parte infinitamente peque\u00f1a de una cantidad variable. Aqu\u00ed se aborda, algo as\u00ed como \u201cel camino de regreso\u201d; es decir, vamos a ver c\u00f3mo recuperar el valor de la cantidad entera, a partir del conocimiento de una parte infinitamente peque\u00f1a de la misma, a la que se denomina elemento.<\/p>\n\n\n\n<p><a href=\"https:\/\/editorialkali.com.mx\/wp-content\/uploads\/2024\/10\/PW_7-Operacion-de-Integracion.pdf\">PW_7-Operacion-de-Integracion.pdf<\/a><br><\/p>\n\n\n\n<p><strong>Proceso de integraci\u00f3n y \u00e1rea bajo la curva<\/strong><\/p>\n\n\n\n<p>Se ha visto que la operaci\u00f3n de integraci\u00f3n es la inversa de la diferenciaci\u00f3n. Ahora se atender\u00e1 el proceso de integraci\u00f3n, el cual es de suma importancia en el estudio de las ciencias b\u00e1sicas y de la ingenier\u00eda.<\/p>\n\n\n\n<p>Supongamos que el valor de una cantidad <img loading=\"lazy\" decoding=\"async\" width=\"10\" height=\"18\" src=\"\">&nbsp;depende del valor de una variable <img loading=\"lazy\" decoding=\"async\" width=\"9\" height=\"18\" src=\"\">, es decir <img loading=\"lazy\" decoding=\"async\" width=\"10\" height=\"18\" src=\"\">&nbsp;es una funci\u00f3n de <img loading=\"lazy\" decoding=\"async\" width=\"9\" height=\"18\" src=\"\">, y que la cantidad <img loading=\"lazy\" decoding=\"async\" width=\"10\" height=\"18\" src=\"\">&nbsp;se genera conforme <img loading=\"lazy\" decoding=\"async\" width=\"9\" height=\"18\" src=\"\">&nbsp;cambia su valor de <img loading=\"lazy\" decoding=\"async\" width=\"10\" height=\"18\" src=\"\">&nbsp;a<img loading=\"lazy\" decoding=\"async\" width=\"13\" height=\"18\" src=\"\">, de manera que <img loading=\"lazy\" decoding=\"async\" width=\"62\" height=\"18\" src=\"\">&nbsp;y <img loading=\"lazy\" decoding=\"async\" width=\"64\" height=\"18\" src=\"\">, es decir, la cantidad a medir se genera desde cero hasta su valor total, conforme la variable recorre un cierto intervalo.<\/p>\n\n\n\n<p>Supuesto lo anterior, si adem\u00e1s se puede establecer que, cuando <img loading=\"lazy\" decoding=\"async\" width=\"9\" height=\"18\" src=\"\">&nbsp;tiene un incremento infinitesimal <img loading=\"lazy\" decoding=\"async\" width=\"18\" height=\"18\" src=\"\">&nbsp;la correspondiente variaci\u00f3n de <img loading=\"lazy\" decoding=\"async\" width=\"10\" height=\"18\" src=\"\">&nbsp;se puede expresar mediante <img loading=\"lazy\" decoding=\"async\" width=\"114\" height=\"18\" src=\"\">, entonces <img loading=\"lazy\" decoding=\"async\" width=\"33\" height=\"18\" src=\"\">&nbsp;se podr\u00e1 obtener al calcular la integral de <img loading=\"lazy\" decoding=\"async\" width=\"32\" height=\"18\" src=\"\">.<\/p>\n\n\n\n<figure class=\"wp-block-table\"><table class=\"has-fixed-layout\"><tbody><tr><td><img loading=\"lazy\" decoding=\"async\" width=\"150\" height=\"146\" class=\"wp-image-782\" style=\"width: 150px;\" src=\"https:\/\/editorialkali.com.mx\/wp-content\/uploads\/2024\/10\/Imagen71.png\" alt=\"\"><\/td><td><img loading=\"lazy\" decoding=\"async\" width=\"150\" height=\"112\" class=\"wp-image-780\" style=\"width: 150px;\" src=\"https:\/\/editorialkali.com.mx\/wp-content\/uploads\/2024\/10\/image-3.png\" alt=\"\" srcset=\"https:\/\/editorialkali.com.mx\/wp-content\/uploads\/2024\/10\/image-3.png 513w, https:\/\/editorialkali.com.mx\/wp-content\/uploads\/2024\/10\/image-3-300x224.png 300w\" sizes=\"(max-width: 150px) 100vw, 150px\" \/><\/td><\/tr><\/tbody><\/table><\/figure>\n\n\n\n<p><br><a href=\"https:\/\/editorialkali.com.mx\/wp-content\/uploads\/2024\/10\/PW_8-Integral-definida-y-area-bajo-la-curva.pdf\">PW_8-Integral-definida-y-area-bajo-la-curva.pdf<\/a><\/p>\n\n\n\n<p><br><strong>C\u00e1lculo de cantidades geom\u00e9tricas mediante el C\u00e1lculo Integral<\/strong><\/p>\n\n\n\n<p>En este documento vamos a ver c\u00f3mo calcular algunas cantidades geom\u00e9tricas, relacionadas con objetos de una, dos y tres dimensiones. Espec\u00edficamente, se ver\u00e1 c\u00f3mo calcular la longitud de un arco de una curva, el \u00e1rea de una superficie plana y el volumen de un s\u00f3lido de revoluci\u00f3n, recurriendo, en cualquier caso, al proceso de integraci\u00f3n, y considerando la variaci\u00f3n de una sola variable.<\/p>\n\n\n\n<figure class=\"wp-block-table\"><table class=\"has-fixed-layout\"><tbody><tr><td><img loading=\"lazy\" decoding=\"async\" width=\"150\" height=\"146\" class=\"wp-image-782\" style=\"width: 150px;\" src=\"https:\/\/editorialkali.com.mx\/wp-content\/uploads\/2024\/10\/Imagen71.png\" alt=\"\"><\/td><td><img loading=\"lazy\" decoding=\"async\" width=\"150\" height=\"112\" class=\"wp-image-780\" style=\"width: 150px;\" src=\"https:\/\/editorialkali.com.mx\/wp-content\/uploads\/2024\/10\/image-3.png\" alt=\"\" srcset=\"https:\/\/editorialkali.com.mx\/wp-content\/uploads\/2024\/10\/image-3.png 513w, https:\/\/editorialkali.com.mx\/wp-content\/uploads\/2024\/10\/image-3-300x224.png 300w\" sizes=\"(max-width: 150px) 100vw, 150px\" \/><\/td><\/tr><\/tbody><\/table><\/figure>\n\n\n\n<p><a href=\"https:\/\/editorialkali.com.mx\/wp-content\/uploads\/2024\/10\/PW_9-Calculo-de-cantidades-geometricas-mediante-el-Calculo-Integral.pdf\">PW_9-Calculo-de-cantidades-geometricas-mediante-el-Calculo-Integral.pdf<\/a><\/p>\n\n\n\n<p><br><a href=\"https:\/\/editorialkali.com.mx\/?page_id=640\" data-type=\"page\" data-id=\"640\">P\u00e1gina principal<\/a><\/p>\n\n\n\n<p><\/p>\n","protected":false},"excerpt":{"rendered":"<p>P\u00e1gina principal Operaci\u00f3n de integraci\u00f3n Se ha estudiado el C\u00e1lculo diferencial, cuyo principio b\u00e1sico radica en observar los objetos, no &hellip; <\/p>\n","protected":false},"author":1,"featured_media":0,"parent":640,"menu_order":0,"comment_status":"closed","ping_status":"closed","template":"","meta":{"footnotes":""},"class_list":["post-768","page","type-page","status-publish","hentry"],"_links":{"self":[{"href":"https:\/\/editorialkali.com.mx\/index.php?rest_route=\/wp\/v2\/pages\/768"}],"collection":[{"href":"https:\/\/editorialkali.com.mx\/index.php?rest_route=\/wp\/v2\/pages"}],"about":[{"href":"https:\/\/editorialkali.com.mx\/index.php?rest_route=\/wp\/v2\/types\/page"}],"author":[{"embeddable":true,"href":"https:\/\/editorialkali.com.mx\/index.php?rest_route=\/wp\/v2\/users\/1"}],"replies":[{"embeddable":true,"href":"https:\/\/editorialkali.com.mx\/index.php?rest_route=%2Fwp%2Fv2%2Fcomments&post=768"}],"version-history":[{"count":2,"href":"https:\/\/editorialkali.com.mx\/index.php?rest_route=\/wp\/v2\/pages\/768\/revisions"}],"predecessor-version":[{"id":783,"href":"https:\/\/editorialkali.com.mx\/index.php?rest_route=\/wp\/v2\/pages\/768\/revisions\/783"}],"up":[{"embeddable":true,"href":"https:\/\/editorialkali.com.mx\/index.php?rest_route=\/wp\/v2\/pages\/640"}],"wp:attachment":[{"href":"https:\/\/editorialkali.com.mx\/index.php?rest_route=%2Fwp%2Fv2%2Fmedia&parent=768"}],"curies":[{"name":"wp","href":"https:\/\/api.w.org\/{rel}","templated":true}]}}