{"id":763,"date":"2024-10-08T07:00:02","date_gmt":"2024-10-08T07:00:02","guid":{"rendered":"https:\/\/editorialkali.com.mx\/?page_id=763"},"modified":"2024-10-08T07:04:43","modified_gmt":"2024-10-08T07:04:43","slug":"conceptos-previos","status":"publish","type":"page","link":"https:\/\/editorialkali.com.mx\/?page_id=763","title":{"rendered":"Conceptos previos"},"content":{"rendered":"\n<p><a href=\"https:\/\/editorialkali.com.mx\/?page_id=640\" data-type=\"page\" data-id=\"640\">P\u00e1gina principal<\/a><\/p>\n\n\n\n<p class=\"has-medium-font-size\"><strong>Hablando de lo Infinitesimal<\/strong><\/p>\n\n\n\n<p>En este documento se atienden algunos de los conceptos que sirven de base en el C\u00e1lculo, comenzando con lo relativo a la terminolog\u00eda <em>infinitesimalista<\/em>, la cual se desprende de dos ideas b\u00e1sicas, una de ellas, de car\u00e1cter aritm\u00e9tico \u2013 algebraico, se refiere a la manera en c\u00f3mo se realizan operaciones aritm\u00e9ticas entre cantidades de distinto \u201corden de magnitud\u201d. Ello permite, entre otras cosas, despreciar uno de los t\u00e9rminos de una suma cuando dicho t\u00e9rmino se considera de magnitud infinitamente peque\u00f1a respecto de los otros.<\/p>\n\n\n\n<p>La otra, de car\u00e1cter geom\u00e9trico, tiene que ver con la manera en la que vemos una \u201cporci\u00f3n infinitamente peque\u00f1a de un objeto\u201d. Esto nos permite, por ejemplo, considerar una circunferencia como un pol\u00edgono regular con un n\u00famero infinito de lados, cada uno de ellos de longitud infinitamente peque\u00f1a, o, en general, cualquier otra curva como una poligonal con un n\u00famero infinito de lados, cada uno de ellos de longitud infinitamente peque\u00f1a.<br><\/p>\n\n\n\n<figure class=\"wp-block-table\"><table class=\"has-fixed-layout\"><tbody><tr><td class=\"has-text-align-center\" data-align=\"center\"><img loading=\"lazy\" decoding=\"async\" width=\"134\" height=\"133\" class=\"wp-image-688\" style=\"width: 134px;\" src=\"https:\/\/editorialkali.com.mx\/wp-content\/uploads\/2024\/08\/Imagen2.png\" alt=\"\" srcset=\"https:\/\/editorialkali.com.mx\/wp-content\/uploads\/2024\/08\/Imagen2.png 134w, https:\/\/editorialkali.com.mx\/wp-content\/uploads\/2024\/08\/Imagen2-70x70.png 70w, https:\/\/editorialkali.com.mx\/wp-content\/uploads\/2024\/08\/Imagen2-125x125.png 125w\" sizes=\"(max-width: 134px) 100vw, 134px\" \/><\/td><td class=\"has-text-align-center\" data-align=\"center\"><img loading=\"lazy\" decoding=\"async\" width=\"136\" height=\"133\" class=\"wp-image-693\" style=\"width: 136px;\" src=\"https:\/\/editorialkali.com.mx\/wp-content\/uploads\/2024\/08\/Imagen11.png\" alt=\"\"><\/td><td class=\"has-text-align-center\" data-align=\"center\"><img loading=\"lazy\" decoding=\"async\" width=\"132\" height=\"127\" class=\"wp-image-692\" style=\"width: 132px;\" src=\"https:\/\/editorialkali.com.mx\/wp-content\/uploads\/2024\/08\/Imagen31.png\" alt=\"\"><\/td><td class=\"has-text-align-center\" data-align=\"center\"><img loading=\"lazy\" decoding=\"async\" width=\"128\" height=\"127\" class=\"wp-image-691\" style=\"width: 128px;\" src=\"https:\/\/editorialkali.com.mx\/wp-content\/uploads\/2024\/08\/Imagen41.png\" alt=\"\" srcset=\"https:\/\/editorialkali.com.mx\/wp-content\/uploads\/2024\/08\/Imagen41.png 128w, https:\/\/editorialkali.com.mx\/wp-content\/uploads\/2024\/08\/Imagen41-70x70.png 70w, https:\/\/editorialkali.com.mx\/wp-content\/uploads\/2024\/08\/Imagen41-125x125.png 125w\" sizes=\"(max-width: 128px) 100vw, 128px\" \/><\/td><\/tr><\/tbody><\/table><\/figure>\n\n\n\n<p><strong><a href=\"https:\/\/editorialkali.com.mx\/wp-content\/uploads\/2024\/08\/PW_1-Trabaj_Cantidades-grands_peq.pdf\" target=\"_blank\" data-type=\"link\" data-id=\"https:\/\/editorialkali.com.mx\/wp-content\/uploads\/2024\/08\/PW_1-Trabaj_Cantidades-grands_peq.pdf\" rel=\"noopener\">PW1_Hablando de lo infinitesimal (PDF)<\/a><\/strong><\/p>\n\n\n\n<p><br><\/p>\n\n\n\n<p class=\"has-medium-font-size\"><strong>Aproximaci\u00f3n y graficaci\u00f3n<\/strong><\/p>\n\n\n\n<p>Aqu\u00ed se presentan dos conceptos importantes en el C\u00e1lculo, primeramente, el de la aproximaci\u00f3n de una funci\u00f3n por medio de un polinomio, que nos permite varias cosas, como evaluar la funci\u00f3n haciendo \u00fanicamente adiciones y multiplicaciones, utilizar un polinomio en lugar de la funci\u00f3n para analizar el comportamiento de esta, al menos en alg\u00fan intervalo, o introducir al estudiante al concepto de convergencia. Por otra parte, en el estudio de las Ciencias, cuando se analiza la relaci\u00f3n entre dos variables, esta puede describirse de varias maneras, por ejemplo, verbalmente (con palabras), algebraicamente (utilizando s\u00edmbolos), o geom\u00e9tricamente, por medio de una gr\u00e1fica. Incluso puede hacerse una descripci\u00f3n aritm\u00e9tica, por medio de una tabla mostrando un conjunto de pares ordenados que corresponden a valores de las variables en cuesti\u00f3n. Adem\u00e1s, ser\u00e1 importante ser capaz de \u201ctraducir\u201d de cualquiera de estos lenguajes (verbal, simb\u00f3lico, gr\u00e1fico o num\u00e9rico) al otro, situaci\u00f3n que tal vez pudo haberse comenzado a estudiar en el bachillerato, en un curso de Geometr\u00eda Anal\u00edtica. As\u00ed pues, en este documento se abordar\u00e1n algunos aspectos de la graficaci\u00f3n de funciones, particularmente a la identificaci\u00f3n y ubicaci\u00f3n de as\u00edntotas o huecos (en lugar de puntos).<br><\/p>\n\n\n\n<figure class=\"wp-block-table\"><table class=\"has-fixed-layout\"><tbody><tr><td class=\"has-text-align-center\" data-align=\"center\"><img loading=\"lazy\" decoding=\"async\" width=\"150\" height=\"179\" class=\"wp-image-690\" style=\"width: 150px;\" src=\"https:\/\/editorialkali.com.mx\/wp-content\/uploads\/2024\/08\/Imagen51.png\" alt=\"\"><\/td><td class=\"has-text-align-center\" data-align=\"center\"><img loading=\"lazy\" decoding=\"async\" width=\"150\" height=\"120\" class=\"wp-image-689\" style=\"width: 150px;\" src=\"https:\/\/editorialkali.com.mx\/wp-content\/uploads\/2024\/08\/Imagen61.png\" alt=\"\" srcset=\"https:\/\/editorialkali.com.mx\/wp-content\/uploads\/2024\/08\/Imagen61.png 248w, https:\/\/editorialkali.com.mx\/wp-content\/uploads\/2024\/08\/Imagen61-246x198.png 246w\" sizes=\"(max-width: 150px) 100vw, 150px\" \/><\/td><\/tr><\/tbody><\/table><\/figure>\n\n\n\n<p class=\"has-medium-font-size\"><a href=\"https:\/\/editorialkali.com.mx\/wp-content\/uploads\/2024\/08\/PW_2-Aproximacion-y-graficacion.pdf\" data-type=\"link\" data-id=\"https:\/\/editorialkali.com.mx\/wp-content\/uploads\/2024\/08\/PW_2-Aproximacion-y-graficacion.pdf\" target=\"_blank\" rel=\"noopener\"><strong>PW_2 Aproximaci\u00f3n y graficaci\u00f3n (PDF)<\/strong><\/a><\/p>\n\n\n\n<p><br><a href=\"https:\/\/editorialkali.com.mx\/?page_id=640\" data-type=\"page\" data-id=\"640\">P\u00e1gina principal<\/a><\/p>\n\n\n\n<p><\/p>\n","protected":false},"excerpt":{"rendered":"<p>P\u00e1gina principal Hablando de lo Infinitesimal En este documento se atienden algunos de los conceptos que sirven de base en &hellip; <\/p>\n","protected":false},"author":1,"featured_media":0,"parent":640,"menu_order":0,"comment_status":"closed","ping_status":"closed","template":"","meta":{"footnotes":""},"class_list":["post-763","page","type-page","status-publish","hentry"],"_links":{"self":[{"href":"https:\/\/editorialkali.com.mx\/index.php?rest_route=\/wp\/v2\/pages\/763"}],"collection":[{"href":"https:\/\/editorialkali.com.mx\/index.php?rest_route=\/wp\/v2\/pages"}],"about":[{"href":"https:\/\/editorialkali.com.mx\/index.php?rest_route=\/wp\/v2\/types\/page"}],"author":[{"embeddable":true,"href":"https:\/\/editorialkali.com.mx\/index.php?rest_route=\/wp\/v2\/users\/1"}],"replies":[{"embeddable":true,"href":"https:\/\/editorialkali.com.mx\/index.php?rest_route=%2Fwp%2Fv2%2Fcomments&post=763"}],"version-history":[{"count":1,"href":"https:\/\/editorialkali.com.mx\/index.php?rest_route=\/wp\/v2\/pages\/763\/revisions"}],"predecessor-version":[{"id":764,"href":"https:\/\/editorialkali.com.mx\/index.php?rest_route=\/wp\/v2\/pages\/763\/revisions\/764"}],"up":[{"embeddable":true,"href":"https:\/\/editorialkali.com.mx\/index.php?rest_route=\/wp\/v2\/pages\/640"}],"wp:attachment":[{"href":"https:\/\/editorialkali.com.mx\/index.php?rest_route=%2Fwp%2Fv2%2Fmedia&parent=763"}],"curies":[{"name":"wp","href":"https:\/\/api.w.org\/{rel}","templated":true}]}}