{"id":710,"date":"2024-08-22T16:22:42","date_gmt":"2024-08-22T16:22:42","guid":{"rendered":"https:\/\/editorialkali.com.mx\/?page_id=710"},"modified":"2024-10-08T07:06:18","modified_gmt":"2024-10-08T07:06:18","slug":"el-primer-curso-de-calculo-en-escuelas-de-ingenieria","status":"publish","type":"page","link":"https:\/\/editorialkali.com.mx\/?page_id=710","title":{"rendered":"El primer curso de C\u00e1lculo en Escuelas de Ingenier\u00eda"},"content":{"rendered":"\n<p><\/p>\n\n\n\n<p><a href=\"https:\/\/editorialkali.com.mx\/?page_id=640\" data-type=\"page\" data-id=\"640\">P\u00e1gina principal<\/a><\/p>\n\n\n\n<p>La presentaci\u00f3n del primer curso de C\u00e1lculo (y de otros cursos de matem\u00e1ticas) en escuelas de ingenier\u00eda, por los a\u00f1os 70 del siglo pasado, estuvo muy marcado por el \u00e9nfasis del rigor. Era la \u00e9poca de la Reforma de la Matem\u00e1tica Moderna, y entonces se cre\u00eda que esa era la \u00fanica manera de presentar la matem\u00e1tica en la escuela. Al paso del tiempo y observando los resultados, se tuvo que renunciar a poner el \u00e9nfasis en el rigor, sin embargo, la presentaci\u00f3n de la matem\u00e1tica escolar conserv\u00f3 una estructura r\u00edgida, particularmente en las escuelas de ingenier\u00eda.<br><br>En el caso del primer curso de C\u00e1lculo, la presentaci\u00f3n estructurada de sus contenidos ha permanecido pr\u00e1cticamente inalterada hasta ahora, incluyendo un pre\u00e1mbulo bastante extenso en el que se consideran temas como: n\u00fameros reales, funciones, l\u00edmite y continuidad, antes de siquiera definir la derivada y abordar el asunto de la recta tangente. <br><br>Este pre\u00e1mbulo, adem\u00e1s ocupar buena parte del tiempo del curso y de ser dif\u00edcil de aprender (particularmente el concepto de l\u00edmite), resulta casi totalmente ajeno a los contextos de las ingenier\u00edas.<br>Si revisamos las fuentes originales, constataremos que ninguno de estos conceptos era conocido a fines del siglo XVII, cuando Leibniz y Newton escribieron y publicaron sus trabajos. En cambio, s\u00ed eran conocidas la serie binomial y algunas de las ideas contenidas en la Geometr\u00eda de Descartes (publicada en 1637).<br><br>Si recurrimos a tales conceptos, y nos auxiliamos de las herramientas tecnol\u00f3gicas de las que disponemos actualmente (como GeoGebra), podemos atender esos conceptos previos, en un menor tiempo y de manera menos abstracta, por lo que se podr\u00e1, entonces, preparar a los estudiantes en asuntos como la modelaci\u00f3n y la resoluci\u00f3n de problemas.<br><\/p>\n\n\n\n<p class=\"has-large-font-size\"><strong><a href=\"https:\/\/editorialkali.com.mx\/?page_id=763\" data-type=\"page\" data-id=\"763\">Conceptos previos<\/a><\/strong><\/p>\n\n\n\n<p class=\"has-large-font-size\"><strong><a href=\"https:\/\/editorialkali.com.mx\/?page_id=719\" data-type=\"page\" data-id=\"719\">C\u00e1lculo Diferencial<\/a><\/strong><\/p>\n\n\n\n<p class=\"has-large-font-size\"><strong><a href=\"https:\/\/editorialkali.com.mx\/?page_id=768\" data-type=\"page\" data-id=\"768\">C\u00e1lculo Integral<\/a><\/strong><\/p>\n\n\n\n<p class=\"has-medium-font-size\"><\/p>\n\n\n\n<p><\/p>\n\n\n\n<p><a href=\"https:\/\/editorialkali.com.mx\/?page_id=640\" data-type=\"page\" data-id=\"640\">P\u00e1gina principal<\/a><\/p>\n\n\n\n<p><\/p>\n","protected":false},"excerpt":{"rendered":"<p>P\u00e1gina principal La presentaci\u00f3n del primer curso de C\u00e1lculo (y de otros cursos de matem\u00e1ticas) en escuelas de ingenier\u00eda, por &hellip; <\/p>\n","protected":false},"author":1,"featured_media":0,"parent":640,"menu_order":0,"comment_status":"closed","ping_status":"closed","template":"","meta":{"footnotes":""},"class_list":["post-710","page","type-page","status-publish","hentry"],"_links":{"self":[{"href":"https:\/\/editorialkali.com.mx\/index.php?rest_route=\/wp\/v2\/pages\/710"}],"collection":[{"href":"https:\/\/editorialkali.com.mx\/index.php?rest_route=\/wp\/v2\/pages"}],"about":[{"href":"https:\/\/editorialkali.com.mx\/index.php?rest_route=\/wp\/v2\/types\/page"}],"author":[{"embeddable":true,"href":"https:\/\/editorialkali.com.mx\/index.php?rest_route=\/wp\/v2\/users\/1"}],"replies":[{"embeddable":true,"href":"https:\/\/editorialkali.com.mx\/index.php?rest_route=%2Fwp%2Fv2%2Fcomments&post=710"}],"version-history":[{"count":7,"href":"https:\/\/editorialkali.com.mx\/index.php?rest_route=\/wp\/v2\/pages\/710\/revisions"}],"predecessor-version":[{"id":770,"href":"https:\/\/editorialkali.com.mx\/index.php?rest_route=\/wp\/v2\/pages\/710\/revisions\/770"}],"up":[{"embeddable":true,"href":"https:\/\/editorialkali.com.mx\/index.php?rest_route=\/wp\/v2\/pages\/640"}],"wp:attachment":[{"href":"https:\/\/editorialkali.com.mx\/index.php?rest_route=%2Fwp%2Fv2%2Fmedia&parent=710"}],"curies":[{"name":"wp","href":"https:\/\/api.w.org\/{rel}","templated":true}]}}