{"id":612,"date":"2022-10-11T05:49:49","date_gmt":"2022-10-11T05:49:49","guid":{"rendered":"http:\/\/editorialkali.com.mx\/?page_id=612"},"modified":"2024-08-07T07:23:14","modified_gmt":"2024-08-07T07:23:14","slug":"nosotros","status":"publish","type":"page","link":"https:\/\/editorialkali.com.mx\/?page_id=612","title":{"rendered":"Nosotros"},"content":{"rendered":"\n<p>Editorial Kali proporciona los servicios para la elaboraci\u00f3n, registros, distribuci\u00f3n y comercializaci\u00f3n de libros de texto en formato digital, con los siguientes beneficios: el profesor utiliza los recursos did\u00e1cticos que ha elaborado previamente, protege su labor intelectual, facilita a sus alumnos la adquisici\u00f3n en l\u00ednea del material del curso, se puede utilizar con libro electr\u00f3nico, computadora, tableta y tel\u00e9fono celular. <\/p>\n\n\n\n<p><br>Editorial Kali es una empresa con 16 a\u00f1os de experiencia en la producci\u00f3n de material did\u00e1ctico y publicaciones digitales, con amplio conocimiento de los procesos de gesti\u00f3n, dise\u00f1o, publicaci\u00f3n y distribuci\u00f3n editorial.<\/p>\n","protected":false},"excerpt":{"rendered":"<p>Editorial Kali proporciona los servicios para la elaboraci\u00f3n, registros, distribuci\u00f3n y comercializaci\u00f3n de libros de texto en formato digital, con &hellip; <\/p>\n","protected":false},"author":1,"featured_media":0,"parent":0,"menu_order":0,"comment_status":"closed","ping_status":"closed","template":"","meta":{"footnotes":""},"class_list":["post-612","page","type-page","status-publish","hentry"],"_links":{"self":[{"href":"https:\/\/editorialkali.com.mx\/index.php?rest_route=\/wp\/v2\/pages\/612"}],"collection":[{"href":"https:\/\/editorialkali.com.mx\/index.php?rest_route=\/wp\/v2\/pages"}],"about":[{"href":"https:\/\/editorialkali.com.mx\/index.php?rest_route=\/wp\/v2\/types\/page"}],"author":[{"embeddable":true,"href":"https:\/\/editorialkali.com.mx\/index.php?rest_route=\/wp\/v2\/users\/1"}],"replies":[{"embeddable":true,"href":"https:\/\/editorialkali.com.mx\/index.php?rest_route=%2Fwp%2Fv2%2Fcomments&post=612"}],"version-history":[{"count":1,"href":"https:\/\/editorialkali.com.mx\/index.php?rest_route=\/wp\/v2\/pages\/612\/revisions"}],"predecessor-version":[{"id":613,"href":"https:\/\/editorialkali.com.mx\/index.php?rest_route=\/wp\/v2\/pages\/612\/revisions\/613"}],"wp:attachment":[{"href":"https:\/\/editorialkali.com.mx\/index.php?rest_route=%2Fwp%2Fv2%2Fmedia&parent=612"}],"curies":[{"name":"wp","href":"https:\/\/api.w.org\/{rel}","templated":true}]}}