{"id":609,"date":"2022-10-11T05:46:23","date_gmt":"2022-10-11T05:46:23","guid":{"rendered":"http:\/\/editorialkali.com.mx\/?page_id=609"},"modified":"2024-08-07T07:23:39","modified_gmt":"2024-08-07T07:23:39","slug":"servicios","status":"publish","type":"page","link":"https:\/\/editorialkali.com.mx\/?page_id=609","title":{"rendered":"Servicios"},"content":{"rendered":"\n<p>Tr\u00e1mites a cargo de la editorial:<\/p>\n\n\n\n<ul class=\"wp-block-list\"><li>Obtenci\u00f3n de ISBN, registro de derechos de autor para obras f\u00edsicas y digitales, publicaci\u00f3n en plataformas de distribuci\u00f3n global (Google libros, Amazon)<\/li><\/ul>\n\n\n\n<ul class=\"wp-block-list\"><li>Elaboraci\u00f3n de contrato de servicios que inlcluye la gesti\u00f3n y el pago de regal\u00edas durante el<br>ciclo de vida de la publicaci\u00f3n.<\/li><\/ul>\n\n\n\n<ul class=\"wp-block-list\"><li>Servicios editoriales de apoyo: Fotograf\u00eda, dise\u00f1o de cubiertas, formaci\u00f3n editorial, correcci\u00f3n de estilo, impresi\u00f3n de libros, edici\u00f3n de libros digitales (ePub, mobi,PDF), Servicio de facturaci\u00f3n<br><\/li><li>Formas de pago: transferencia electr\u00f3nica, efectivo, tarjeta de cr\u00e9dito o d\u00e9bito, paypal, cheque (\u00fanicamente personas morales) <\/li><\/ul>\n\n\n\n<ul class=\"wp-block-list\"><li>Beneficios Negociaci\u00f3n en l\u00ednea sin necesidad de contacto personal Entrega de producto digital final en un m\u00ednimo de siete d\u00edas* (de acuerdo a la complejidad y servicios contratados)<\/li><\/ul>\n\n\n\n<p><\/p>\n\n\n\n<p><strong>Servicios gr\u00e1ficos Kali<\/strong><br>Impresion digital tabloide color<br>Impresi\u00f3n digital tabloide negro<br>Impresi\u00f3n tama\u00f1o carta bond<br>Plecado,redondeado, suaje, guillotina<br>Plastificado tabloide<br>Barnizado tabloide<br>Hotstamping tabloide<br>Encuadernado<br>Cds\/DVDs<\/p>\n\n\n\n<p><strong>Servicios editoriales<\/strong><br>ISBN ebook<br>ISBN ejemplares impresos<br>Registro de derechos de autor<br>Introducci\u00f3n o pr\u00f3logo<br>\u00cdndice anal\u00edtico (entrada)<br>\u00cdndice alfab\u00e9tico (entrada)<br>Captura (cuartilla)<br>Correcci\u00f3n de textos en idioma extranjero (cuartilla)<br>Incorporaci\u00f3n de correcciones en procesador (cuartilla)<br>Incorporaci\u00f3n de correcciones en p\u00e1ginas formadas (cuartilla)<br>B\u00fasqueda y gesti\u00f3n de fotograf\u00eda o ilustraci\u00f3n (imagen)<br>Elaboraci\u00f3n de ilustraciones (imagen)<br>Fotograf\u00eda por encargo (imagen digital)<br>Digitalizaci\u00f3n de im\u00e1genes (imagen)<br>Formaci\u00f3n de texto cient\u00edfico: gr\u00e1ficas, tablas, ecuaciones (p\u00e1gina)<br>Formaci\u00f3n de cat\u00e1logo (p\u00e1gina)<br>Formaci\u00f3n editorial (p\u00e1gina)<br>Formaci\u00f3n de libros especiales (p\u00e1gina)<br>Dise\u00f1o y formaci\u00f3n de cat\u00e1logo<br>Redacci\u00f3n de textos y promocionales (entrada)<br>Digitalizaci\u00f3n de libros y revistas (p\u00e1gina)<br>Escan\u00e9o de im\u00e1gen o texto (cuartilla)<br>Maquetaci\u00f3n de epub (p\u00e1gina)<\/p>\n","protected":false},"excerpt":{"rendered":"<p>Tr\u00e1mites a cargo de la editorial: Obtenci\u00f3n de ISBN, registro de derechos de autor para obras f\u00edsicas y digitales, publicaci\u00f3n &hellip; <\/p>\n","protected":false},"author":1,"featured_media":0,"parent":0,"menu_order":0,"comment_status":"closed","ping_status":"closed","template":"","meta":{"footnotes":""},"class_list":["post-609","page","type-page","status-publish","hentry"],"_links":{"self":[{"href":"https:\/\/editorialkali.com.mx\/index.php?rest_route=\/wp\/v2\/pages\/609"}],"collection":[{"href":"https:\/\/editorialkali.com.mx\/index.php?rest_route=\/wp\/v2\/pages"}],"about":[{"href":"https:\/\/editorialkali.com.mx\/index.php?rest_route=\/wp\/v2\/types\/page"}],"author":[{"embeddable":true,"href":"https:\/\/editorialkali.com.mx\/index.php?rest_route=\/wp\/v2\/users\/1"}],"replies":[{"embeddable":true,"href":"https:\/\/editorialkali.com.mx\/index.php?rest_route=%2Fwp%2Fv2%2Fcomments&post=609"}],"version-history":[{"count":1,"href":"https:\/\/editorialkali.com.mx\/index.php?rest_route=\/wp\/v2\/pages\/609\/revisions"}],"predecessor-version":[{"id":610,"href":"https:\/\/editorialkali.com.mx\/index.php?rest_route=\/wp\/v2\/pages\/609\/revisions\/610"}],"wp:attachment":[{"href":"https:\/\/editorialkali.com.mx\/index.php?rest_route=%2Fwp%2Fv2%2Fmedia&parent=609"}],"curies":[{"name":"wp","href":"https:\/\/api.w.org\/{rel}","templated":true}]}}